{"id":4244,"date":"2020-03-19T13:13:57","date_gmt":"2020-03-19T12:13:57","guid":{"rendered":"http:\/\/dita-events.com\/new\/?page_id=4244"},"modified":"2026-02-27T14:20:24","modified_gmt":"2026-02-27T13:20:24","slug":"agb","status":"publish","type":"page","link":"https:\/\/dita-events.com\/new\/agb\/","title":{"rendered":"AGB"},"content":{"rendered":"<p><b>ALLGEMEINE GESCH\u00c4FTSBEDINGUNGEN<\/b><\/p>\n<p><b>DITA Events<\/b><\/p>\n<p><b>\u00a71 Geltungsbereich<span class=\"Apple-converted-space\">\u00a0<\/span><\/b><\/p>\n<p>Die folgenden Bedingungen regeln ausschlie\u00dflich das Vertragsverh\u00e4ltnis zwischen Ihnen als Kunden und DITA Events als Vermittler der Reiseleistungen. Sie erg\u00e4nzen die hierauf anwendbaren gesetzlichen Vorschriften der \u00a7\u00a7 675, 631 ff. BGB und f\u00fcllen diese aus. Mit Abschluss des Buchungsvorgangs beauftragt der Kunde DITA Events, eine Bef\u00f6rderungsleistung oder eine sonstige, mit der Durchf\u00fchrung einer Reise in Zusammenhang stehende Dienstleistung, <b>die von einem dritten Reiseanbieter erbracht werden kann,<\/b> zu vermitteln. Der Kunde ist an den Buchungsauftrag gebunden. Davon getrennt wird bei der Buchung ein Vertragsverh\u00e4ltnis mit dem Reiseveranstalter und den einzelnen Leistungstr\u00e4gern (z.B. Fluggesellschaft, Hotel etc.) entstehen, das nicht in den Allgemeinen Gesch\u00e4ftsbedingungen des Reiseb\u00fcros geregelt ist. Das Reiseb\u00fcro weist alle Kunden ausdr\u00fccklich darauf hin, dass der Reisevertrag nicht mit dem Reiseb\u00fcro, sondern stets mit dem jeweils angegebenen Reiseveranstalter oder Leistungstr\u00e4ger unter Ber\u00fccksichtigung der Allgemeinen Gesch\u00e4ftsbedingungen des jeweiligen Reiseveranstalters oder Leistungstr\u00e4gers zustande kommt. Um eine Buchung vornehmen zu k\u00f6nnen, muss der Kunde das 18. Lebensjahr vollendet haben und darf in seiner Gesch\u00e4ftsf\u00e4higkeit nicht beschr\u00e4nkt sein.<span class=\"Apple-converted-space\">\u00a0<\/span><\/p>\n<p><b>\u00a72 Vertragsgegenstand und Vertragsschluss<span class=\"Apple-converted-space\">\u00a0<\/span><\/b><\/p>\n<p>2.1 Gegenstand dieses Vertrages ist die Vermittlung eines Vertragsabschlusses des Kunden mit dem jeweiligen Reiseveranstalter \u00fcber die in der Buchung aufgef\u00fchrte Reiseleistung durch das Reiseb\u00fcro.<span class=\"Apple-converted-space\">\u00a0<\/span><\/p>\n<p>2.2 Die Erbringung der gebuchten Leistung als solche ist nicht Bestandteil der Pflichten des Reiseb\u00fcros. Im Falle einer Buchung kommt ein Vertrag \u00fcber die Reiseleistung direkt zwischen dem Kunden und dem jeweiligen Reiseveranstalter zustande. Diesem Vertrag liegen die jeweiligen Allgemeinen Gesch\u00e4ftsbedingungen des Veranstalters zugrunde. Die Vertragsabwicklung erfolgt ausschlie\u00dflich zwischen dem jeweiligen Veranstalter und dem Kunden. M\u00e4ngel der Reiseleistung muss der Kunde dem jeweiligen Veranstalter gegen\u00fcber anzeigen.<span class=\"Apple-converted-space\">\u00a0<\/span><\/p>\n<p>2.3 Mit Absenden der Buchung des Kunden an das Reiseb\u00fcro erkennt der Kunde die Allgemeinen Gesch\u00e4ftsbedingungen von uns an und versichert, diese gelesen und verstanden zu haben. Der Kunde erkl\u00e4rt sich mit der in diesen Gesch\u00e4ftsbedingungen beschriebenen Nutzung seiner Daten einverstanden.<span class=\"Apple-converted-space\">\u00a0<\/span><\/p>\n<p>2.4 Mit Annahme des Vermittlungsauftrages durch das Reiseb\u00fcro, das hei\u00dft, mit der Zusendung der entsprechenden Best\u00e4tigungsmail an den Kunden, ist dieser an den Vermittlungsauftrag gebunden. Zu diesem Zeitpunkt ist ein verbindlicher Vermittlungsvertrag zwischen dem Kunden und dem Reiseb\u00fcro zustande gekommen.<span class=\"Apple-converted-space\">\u00a0<\/span><\/p>\n<p>2.5 Die Annahme des Vermittlungsauftrages kann schriftlich, m\u00fcndlich, telefonisch, online, per E-Mail erfolgen. Sofern der Auftrag von einer anderen Person als dem Kunden erteilt wird, haftet der Kunde neben dieser Person gesamtschuldnerisch f\u00fcr die Erf\u00fcllung der Verpflichtung der angemeldeten Personen.<span class=\"Apple-converted-space\">\u00a0<\/span><\/p>\n<p>2.6 Die Best\u00e4tigungsmail \u00fcber die Annahme des Vermittlungsauftrages ist zu unterscheiden von der Buchungsbest\u00e4tigung. Mit der Buchungsbest\u00e4tigung best\u00e4tigt das Reiseb\u00fcro lediglich die ordnungsgem\u00e4\u00dfe Weiterleitung der durch den Kunden in Auftrag gegebenen Buchung an den jeweiligen Veranstalter. Die Best\u00e4tigung der Buchung bedeutet noch nicht, dass bereits ein Vertrag \u00fcber die gebuchte Reiseleistung mit dem Veranstalter zustande gekommen ist.<span class=\"Apple-converted-space\">\u00a0<\/span><\/p>\n<p><b>\u00a73 Reisepreis und Aufwendungsersatz, Aufrechnung<span class=\"Apple-converted-space\">\u00a0<\/span><\/b><\/p>\n<p>3.1 Das Reiseb\u00fcro ist berechtigt, Anzahlungen entsprechend den Reise- und Zahlungsbestimmungen der vermittelten Leistungstr\u00e4ger zu verlangen, soweit diese entsprechende Anzahlungsbestimmungen enthalten. Bei Pauschalreisen werden Anzahlungen nur unter Beachtung der gesetzlichen Vorgaben zur Kundengeld-absicherung nach \u00a7 651k BGB erhoben. Die Zahlung des Reisepreises kann per \u00dcberweisung und Lastschriftverfahren (oder in Ausnahmef\u00e4llen in bar) in den Gesch\u00e4ftsr\u00e4umen von DITA Events erfolgen.<span class=\"Apple-converted-space\">\u00a0<\/span><\/p>\n<p>3.2 Das Reiseb\u00fcro ist berechtigt, aber nicht verpflichtet, die vom Kunden an den Leistungstr\u00e4ger zu leistenden Zahlungen auf den Reise- und Bef\u00f6rderungspreis ganz oder teilweise f\u00fcr diesen zu verauslagen, soweit es dieses im Rahmen der Ausf\u00fchrung des Buchungsauftrags und zur Erreichung des Leistungszwecks nach dem mutma\u00dflichen Willen des Kunden f\u00fcr erforderlich h\u00e4lt.<span class=\"Apple-converted-space\">\u00a0<\/span><\/p>\n<p>3.3 Auch im Falle des R\u00fccktritts vom Reise- oder Bef\u00f6rderungsvertrag (Stornierung) kann das Reiseb\u00fcro f\u00fcr den Kunden bereits verauslagte oder noch zu verauslagende Aufwendungen (Stornokosten) gegen\u00fcber dem Leistungstr\u00e4ger vom Kunden einfordern. Dieser Aufwendungsersatz kann sich auf den vollen Preis der Reiseleistung belaufen; er richtet sich im \u00dcbrigen nach den Allgemeinen Gesch\u00e4fts- und Bef\u00f6rderungsbedingungen des betreffenden Leistungstr\u00e4gers. Das Reiseb\u00fcro ist nicht verpflichtet, Grund und H\u00f6he der auf diese Weise an den Kunden weitergegebenen R\u00fccktrittsentsch\u00e4digung und Stornokosten zu pr\u00fcfen. Es bleibt dem Kunden gegen\u00fcber dem Leistungstr\u00e4ger vorbehalten, den Nachweis zu f\u00fchren, dass keine oder wesentlich geringere Sch\u00e4den als die vom Leistungstr\u00e4ger angegebene Stornopauschale entstanden ist.<span class=\"Apple-converted-space\">\u00a0<\/span><\/p>\n<p>3.4 Preis\u00e4nderungen des Leistungstr\u00e4gers unterliegen nicht unserem Einfluss. Wir sind berechtigt, eingetretene Tarif\u00e4nderungen und zul\u00e4ssige Nachforderungen an Sie weiterzugeben, wenn wir mit entsprechenden Aufwendungen seitens der Leistungstr\u00e4ger belastet werden.<\/p>\n<p>3.5 Aufwendungen, die dem Reiseb\u00fcro nach Ma\u00dfgabe vorstehender Ziffern 3.1 bis 3.4 entstehen, kann das Reiseb\u00fcro auch ohne ausdr\u00fcckliche Vereinbarung vom Kunden aus dem gesetzlichen Rechtsgrund des Aufwendungsersatzes ersetzt verlangen.<span class=\"Apple-converted-space\">\u00a0<\/span><\/p>\n<p>3.6 Dem Aufwendungsersatzanspruch kann der Kunde keine Anspr\u00fcche gegen\u00fcber dem vermittelten Leistungstr\u00e4ger, insbesondere aufgrund mangelhafter Erf\u00fcllung des vermittelten Reise- oder Bef\u00f6rderungsvertrages entgegenhalten, und zwar weder im Wege der Zur\u00fcckbehaltung, noch durch Aufrechnung. Dies gilt nicht, soweit das Reiseb\u00fcro das Entstehen solcher Anspr\u00fcche durch eine schuldhafte Verletzung unserer eigenen Vertragspflichten verursacht oder mitverursacht hat oder dem Kunden gegen\u00fcber aus anderen Gr\u00fcnden f\u00fcr die geltend gemachten Gegenanspr\u00fcche haftet.<span class=\"Apple-converted-space\">\u00a0<\/span><\/p>\n<p><b>\u00a74 Vermittlungsentgelt, Verg\u00fctung des Reiseb\u00fcros<span class=\"Apple-converted-space\">\u00a0<\/span><\/b><\/p>\n<p>4.1 F\u00fcr die Vermittlungsleistung des Reiseb\u00fcros werden keine gesonderten Geb\u00fchren berechnet, da diese in der Regel im Preis der vermittelten Reiseleistung bereits enthalten sind. Wir sind nur dann berechtigt, f\u00fcr unsere Leistungen eine gesonderte Verg\u00fctung von Ihnen zu verlangen, sofern dies vereinbart ist. Eine solche Verg\u00fctungsvereinbarung kann auch durch einen entsprechenden m\u00fcndlichen oder schriftlichen Hinweis unsererseits hierauf getroffen werden.<span class=\"Apple-converted-space\">\u00a0<\/span><\/p>\n<p><b>\u00a75 Preis- und Leistungs\u00e4nderungen<span class=\"Apple-converted-space\">\u00a0<\/span><\/b><\/p>\n<p>5.1 Hinsichtlich m\u00f6glicher \u00c4nderungen des Preises f\u00fcr die gebuchte Reiseleistung und etwaiger \u00c4nderungen der gebuchten Leistung, verweist das Reiseb\u00fcro auf die Allgemeinen Gesch\u00e4ftsbedingungen des jeweiligen Veranstalters. Handelt es sich bei der gebuchten Reiseleistung um einen Linienflug, gelten zus\u00e4tzlich die jeweiligen Bef\u00f6rderungs- und Tarifbestimmungen der Fluggesellschaft. Diese k\u00f6nnen auf Wunsch in deren B\u00fcros eingesehen werden. Erg\u00e4nzend hierzu gelten die inter-national g\u00fcltigen Bestimmungen des Abkommens zur Vereinheitlichung von Regeln \u00fcber die Bef\u00f6rderung im internationalen Luftverkehr (Warschauer Abkommen). \u00c4ndern sich aus wichtigen Gr\u00fcnden die Streckenf\u00fchrung von Fl\u00fcgen, Umwandlung von Non-Stopp Fl\u00fcgen in Fl\u00fcge mit Zwischenlandung bzw. Umsteigefl\u00fcge oder umgekehrt sowie von Flugzeiten- oder Termin\u00e4nderungen bis 48 Stunden, Einsatz anderer Flugger\u00e4te, \u00c4nderung der Abflug- oder Ankunftsflugh\u00e4fen sowie Wechsel der Fluggesellschaft, ist dies aufgrund der international g\u00fcltigen luftrechtlichen Bestimmungen den Leistungstr\u00e4gern vorbehalten. Dies gilt ebenso bei \u00c4nderungen der Reiseleistungen aufgrund beh\u00f6rdlicher Anweisungen. In all diesen F\u00e4llen ist der Anmeldende nicht berechtigt, kostenfrei von dem mit dem DITA Events geschlos-senen Reisevermittlungsvertrag zur\u00fcckzutreten. Es besteht auch kein Ersatz-anspruch gegen DITA Events f\u00fcr in diesen F\u00e4llen entstandenen Mehrkosten oder Folgesch\u00e4den. Sollte es sich bei den vermittelten Fl\u00fcgen um Sonderfl\u00fcge be-ziehungsweise Linienfl\u00fcge zu Sonderpreisen handeln, k\u00f6nnen die Leistungstr\u00e4ger nach deren jeweils g\u00fcltigen Vertragsbestimmungen die Preise jederzeit an ge-\u00e4nderte Marktverh\u00e4ltnisse anpassen. Sollte diese Anpassung eine Preiserh\u00f6hung zur Folge haben, wird diese von DITA Events an den Kunden weitergeleitet.<span class=\"Apple-converted-space\">\u00a0<\/span><\/p>\n<p><b>\u00a76 Buchungsbest\u00e4tigung und Reiseunterlagen<span class=\"Apple-converted-space\">\u00a0<\/span><\/b><\/p>\n<p>6.1 Der Kunde ist verpflichtet, die Vertrags- und Reiseunterlagen, die ihm zur Verf\u00fcgung gestellt wurden, insbesondere Buchungsbest\u00e4tigungen, Flugscheine, Hotelgutscheine, Visa, Versicherungsscheine und sonstige Reiseunterlagen auf Richtigkeit und Vollst\u00e4ndigkeit zu \u00fcberpr\u00fcfen, wobei insbesondere darauf zu achten ist, dass die ausgewiesenen Reisedaten mit der get\u00e4tigten Buchung identisch sind. Stellt der Kunde Abweichungen oder falsche Angaben fest, hat er den Absender (Veranstalter bzw. Reiseb\u00fcro) hierauf hinzuweisen. Kommt der dieser Pflicht nicht nach, so kann ein etwaiger Schadensersatz nach den gesetzlichen Bestimmungen \u00fcber die Schadensminderungspflicht (\u00a7 254 BGB) eingeschr\u00e4nkt oder ganz ausge-schlossen sein. Eine Schadensersatzverpflichtung unsererseits entf\u00e4llt vollst\u00e4ndig, wenn die hier bezeichneten Umst\u00e4nde f\u00fcr uns nicht erkennbar waren und wir diese nicht zu vertreten haben.<span class=\"Apple-converted-space\">\u00a0<\/span><\/p>\n<p>6.2 In der Regel werden dem Kunden die Reiseunterlagen per Mail bzw. auf dem Postweg zugeleitet. Sollten er einen Versand der Reiseunterlagen per Kurierdienst w\u00fcnschen, haben er alle hieraus entstehenden Kosten sowie das Versendungsrisiko zu tragen. Bei kurzfristigen Buchungen werden die Reiseunterlagen an den ent-sprechenden Abflugh\u00e4fen hinterlegt. Eventuell anfallende Inkasso- oder Hinterle-gungskosten sind vom Kunden zu tragen. Sollten dem Kunden, au\u00dfer in F\u00e4llen der Hinterlegung, die Reiseunterlagen nicht sp\u00e4testens einen Arbeitstag vor Reiseantritt zur Verf\u00fcgung stehen, bitten wir ihn, sich umgehend an das zust\u00e4ndige B\u00fcro zu wenden.<span class=\"Apple-converted-space\">\u00a0<\/span><\/p>\n<p><b>\u00a77 Stornierungen, Umbuchungen<span class=\"Apple-converted-space\">\u00a0<\/span><\/b><\/p>\n<p>7.1 Der Kunde kann jederzeit vor Reisebeginn von der Reise und dem Vermittlungs-vertrag zur\u00fccktreten. Ma\u00dfgeblicher Zeitpunkt ist der Zugang der R\u00fccktrittserkl\u00e4rung bei dem jeweiligen Leistungstr\u00e4ger. Dem Kunden wird zwingend empfohlen, den R\u00fccktritt schriftlich zu erkl\u00e4ren. Bei Stornierung der vermittelten Reiseleistung gelten grunds\u00e4tzlich folgende R\u00fccktrittsbedingungen:<\/p>\n<p>Bis 42 Tage vor Reisebeginn \u2013<span class=\"Apple-converted-space\">\u00a0 <\/span>20 %<\/p>\n<p>Ab 41 Tagen vor Reisebeginn \u2013\u00a0 35 %<\/p>\n<p>Ab 29 Tagen vor Reisebeginn \u2013\u00a0 45 %<\/p>\n<p>Ab 21 Tagen vor Reisebeginn \u2013\u00a0 \u00a055 %<\/p>\n<p>Ab 14 Tagen vor Reisebeginn \u2013\u00a0 \u00a075 %<\/p>\n<p>Ab <span class=\"Apple-converted-space\">\u00a0 <\/span>6 Tagen vor Reisebeginn \u2013\u00a0 \u00a085 %<\/p>\n<p>1 Tag vor Reisebeginn\u00a0 \u00a0 \u00a0 &#8211; 100 %<\/p>\n<p>Nach diesen Bedingungen richten sich auch die anfallenden Stornogeb\u00fchren. Im Falle der Stornierung kann das Reiseb\u00fcro zus\u00e4tzlich zu etwaigen Stornogeb\u00fchren in H\u00f6he von 40 EUR pro Person erheben.<span class=\"Apple-converted-space\">\u00a0<\/span><\/p>\n<p>7.2 Die Umbuchung einer Reiseleistung ist nur durch Stornierung der gebuchten und bei gleichzeitiger Buchung einer anderen Reiseleistung m\u00f6glich, es sei denn, der zwischen dem Kunden und dem Veranstalter geschlossene Vertrag enth\u00e4lt hierf\u00fcr besondere Bestimmungen. DITA Events beh\u00e4lt sich vor, in diesem Falle ein Bearbeitungsentgelt in H\u00f6he von 40 EUR pro Person in Rechnung zu stellen.<span class=\"Apple-converted-space\">\u00a0<\/span><\/p>\n<p><strong>\u00a78 Unvermeidbare au\u00dfergew\u00f6hnliche Umst\u00e4nde \/ \u00c4nderungen der Reisezeiten<\/strong><\/p>\n<p>8.1 \u00c4nderungen der Abflug- und Ankunftszeiten sowie der Reisedauer k\u00f6nnen sich aufgrund von Umst\u00e4nden ergeben, die au\u00dferhalb des Einflussbereichs des Reiseveranstalters liegen. Hierzu z\u00e4hlen insbesondere Ma\u00dfnahmen oder Entscheidungen von Fluggesellschaften, Flugh\u00e4fen, Beh\u00f6rden, Flugsicherungen, wetterbedingte Einschr\u00e4nkungen, Naturereignisse, Streiks, technische Probleme im Luftverkehr oder sonstige unvermeidbare au\u00dfergew\u00f6hnliche Umst\u00e4nde.<\/p>\n<p>8.2 Der Reiseveranstalter haftet nicht f\u00fcr Verz\u00f6gerungen oder \u00c4nderungen der An- oder Abreise, die durch Dritte (insbesondere Fluggesellschaften) verursacht werden oder auf unvermeidbare au\u00dfergew\u00f6hnliche Umst\u00e4nde zur\u00fcckzuf\u00fchren sind.<\/p>\n<p>8.3 Verschiebt sich die An- oder Abreise aufgrund solcher Umst\u00e4nde um bis zu einen Kalendertag, begr\u00fcndet dies keinen Anspruch auf Preisminderung, R\u00fcckerstattung oder Schadensersatz gegen\u00fcber dem Reiseveranstalter.<\/p>\n<p>8.4 Der Reiseveranstalter wird sich im Rahmen seiner M\u00f6glichkeiten bem\u00fchen, den Reisenden \u00fcber \u00c4nderungen unverz\u00fcglich zu informieren und geeignete Alternativen zu organisieren, soweit dies zumutbar und m\u00f6glich ist.<\/p>\n<p>8.5 Gesetzlich zwingende Anspr\u00fcche der Reisenden bleiben unber\u00fchrt.<\/p>\n<p><b>\u00a79 Einreisebestimmungen und sonstige Informationen<span class=\"Apple-converted-space\">\u00a0<\/span><\/b><\/p>\n<p>9.1 Der Kunde ist grunds\u00e4tzlich selbst daf\u00fcr verantwortlich, dass f\u00fcr seine Person die zur Durchf\u00fchrung der Reise erforderlichen Voraussetzungen erf\u00fcllt sind und s\u00e4mtliche gesetzliche Bestimmungen, insbesondere die in- und ausl\u00e4ndischen Ein- und Ausreisebestimmungen, Gesundheitsvorschriften, Zoll- und Devisen-bestimmungen, Pass- und Visa-Bestimmungen, beachtet werden. Gleiches gilt f\u00fcr die Beschaffung erforderlicher Reisedokumente. Das Reiseb\u00fcro weist darauf hin, dass von ihm erteilte Ausk\u00fcnfte bez\u00fcglich der vorstehenden Bestimmungen jederzeit durch die Beh\u00f6rden ge\u00e4ndert werden k\u00f6nnen, weshalb f\u00fcr diese Ausk\u00fcnfte keine Haftung \u00fcbernommen wird. Dem Kunden wird nahegelegt, selbst bei den zust\u00e4ndigen \u00c4mtern und Institutionen Informationen einzuholen. Wird DITA Events vom Reisenden beauftragt, notwendige Visa zu beschaffen, so haftet DITA Events nicht f\u00fcr die rechtzeitige Erteilung und den Zugang notwendiger Visa durch die diplomatische Vertretung, es sei denn, die Verz\u00f6gerung hat DITA Events zu vertreten. DITA Events ist berechtigt, f\u00fcr die Visabeschaffung ein Bearbeitungs-entgelt in H\u00f6he von 25 EUR in Rechnung zu stellen.<span class=\"Apple-converted-space\">\u00a0<\/span><\/p>\n<p>9.2 Eine entsprechende Aufkl\u00e4rungs- oder Informationspflicht besteht f\u00fcr uns nur dann, wenn besondere uns bekannte oder erkennbare Umst\u00e4nde einen ausdr\u00fccklichen Hinweis erforderlich machen und die entsprechenden Informationen (insbesondere bei Pauschalreisen) nicht bereits in den dem Kunden vorliegenden Leistungsbeschreibungen der Reiseveranstalter enthalten sind. Im Falle einer nach der vorstehenden Bestimmung begr\u00fcndeten Informationspflicht gehen wir ohne besondere Hinweise oder Kenntnis davon aus, dass der Kunde und seine Mitreisenden deutsche Staatsangeh\u00f6rige sind und keine pers\u00f6nlichen Besonderheiten (z. B. Doppelstaatsb\u00fcrgerschaft, Staatenlosigkeit) vorliegen. Entsprechende Hinweispflichten unsererseits beschr\u00e4nken sich auf die Erteilung von Ausk\u00fcnften aus oder von geeigneten Informationsquellen, insbesondere aus aktuellen, branchen\u00fcblichen Nachschlagewerken oder der Weitergabe von Informationen ausl\u00e4ndischer Botschaften, Konsulate oder Tourismus\u00e4mter. Insofern haben wir ohne ausdr\u00fcckliche diesbez\u00fcgliche Vereinbarungen keine spezielle Nachforschungspflicht. Wir k\u00f6nnen unsere Hinweispflicht auch dadurch erf\u00fcllen, dass wir den Kunden auf die Notwendigkeit einer eigenen, speziellen Nachfrage bei den in Betracht kommenden Informationsstellen verweisen.<span class=\"Apple-converted-space\">\u00a0<\/span><\/p>\n<p><b>\u00a710 Haftung<span class=\"Apple-converted-space\">\u00a0<\/span><\/b><\/p>\n<p>10.1 Soweit das Reiseb\u00fcro eine entsprechende vertragliche Pflicht nicht durch ausdr\u00fcckliche Vereinbarung mit dem Kunden \u00fcbernommen hat, haftet es nicht f\u00fcr das Zustandekommen von dem Buchungswunsch des Kunden entsprechenden Vertr\u00e4gen mit den zu vermittelnden Leistungstr\u00e4gern.<span class=\"Apple-converted-space\">\u00a0<\/span><\/p>\n<p>10.2 Ohne ausdr\u00fcckliche diesbez\u00fcgliche Vereinbarung oder Zusicherung haftet das Reiseb\u00fcro als Reisevermittler bez\u00fcglich der vermittelten Leistungen selbst nicht f\u00fcr M\u00e4ngel der Leistungserbringung und Personen- oder Sachsch\u00e4den, die dem Kunden im Zusammenhang mit der vermittelten Reiseleistung entstehen. Bei der Vermittlung mehrerer touristischer Hauptleistungen (entsprechend dem gesetzlichen Begriff der Pauschalreise) gilt dies nicht, soweit das Reiseb\u00fcro gem. \u00a7 651a Abs. 2 BGB den Anschein begr\u00fcndet, die vorgesehenen Reiseleistungen in eigener Verantwortung zu erbringen.<span class=\"Apple-converted-space\">\u00a0<\/span><\/p>\n<p><b>\u00a711 Datenschutz<span class=\"Apple-converted-space\">\u00a0<\/span><\/b><\/p>\n<p>11.1 Das Reiseb\u00fcro erhebt bestimmte personenbezogene Daten des Kunden und gegebenenfalls auch anderer Reisenden. Diese Daten werden f\u00fcr die Abwicklung des Vermittlungsvertrages und f\u00fcr die Anbahnung und Abwicklung des abzuschlie\u00dfenden Vertrages \u00fcber die vom Kunden gebuchte Reiseleistung ben\u00f6tigt und ausschlie\u00dflich zu diesen Zwecken verarbeitet und genutzt. Eine Weitergabe der erhobenen Daten erfolgt ausschlie\u00dflich an den jeweiligen Veranstalter der gebuchten Reiseleistung.<span class=\"Apple-converted-space\">\u00a0<\/span><\/p>\n<p><b>\u00a712 Schlussbestimmungen<span class=\"Apple-converted-space\">\u00a0<\/span><\/b><\/p>\n<p>12.1 Auf den Vertrag findet ausschlie\u00dflich das Recht der Bundesrepublik Deutschland Anwendung.<span class=\"Apple-converted-space\">\u00a0<\/span><\/p>\n<p>12.2 F\u00fcr Klagen des Reisevermittlers gegen den Kunden ist der Wohnsitz des Kunden ma\u00dfgebend.<\/p>\n","protected":false},"excerpt":{"rendered":"<p>ALLGEMEINE GESCH\u00c4FTSBEDINGUNGEN DITA Events \u00a71 Geltungsbereich\u00a0 Die folgenden Bedingungen regeln ausschlie\u00dflich das Vertragsverh\u00e4ltnis zwischen Ihnen als Kunden und DITA Events als Vermittler der Reiseleistungen. Sie erg\u00e4nzen die hierauf anwendbaren gesetzlichen Vorschriften der \u00a7\u00a7 675, 631 ff. BGB und f\u00fcllen diese aus. Mit Abschluss des Buchungsvorgangs beauftragt der Kunde DITA Events, eine Bef\u00f6rderungsleistung oder eine sonstige, &hellip; <\/p>\n<p class=\"link-more\"><a href=\"https:\/\/dita-events.com\/new\/agb\/\" class=\"more-link\"><span class=\"screen-reader-text\">\u201eAGB\u201c<\/span> weiterlesen<\/a><\/p>\n","protected":false},"author":1,"featured_media":0,"parent":0,"menu_order":0,"comment_status":"closed","ping_status":"closed","template":"","meta":{"footnotes":""},"class_list":["post-4244","page","type-page","status-publish","hentry"],"_links":{"self":[{"href":"https:\/\/dita-events.com\/new\/wp-json\/wp\/v2\/pages\/4244","targetHints":{"allow":["GET"]}}],"collection":[{"href":"https:\/\/dita-events.com\/new\/wp-json\/wp\/v2\/pages"}],"about":[{"href":"https:\/\/dita-events.com\/new\/wp-json\/wp\/v2\/types\/page"}],"author":[{"embeddable":true,"href":"https:\/\/dita-events.com\/new\/wp-json\/wp\/v2\/users\/1"}],"replies":[{"embeddable":true,"href":"https:\/\/dita-events.com\/new\/wp-json\/wp\/v2\/comments?post=4244"}],"version-history":[{"count":4,"href":"https:\/\/dita-events.com\/new\/wp-json\/wp\/v2\/pages\/4244\/revisions"}],"predecessor-version":[{"id":6023,"href":"https:\/\/dita-events.com\/new\/wp-json\/wp\/v2\/pages\/4244\/revisions\/6023"}],"wp:attachment":[{"href":"https:\/\/dita-events.com\/new\/wp-json\/wp\/v2\/media?parent=4244"}],"curies":[{"name":"wp","href":"https:\/\/api.w.org\/{rel}","templated":true}]}}